{"id":30,"date":"2026-03-03T18:33:38","date_gmt":"2026-03-03T18:33:38","guid":{"rendered":"https:\/\/aether.sitedrafted.com\/?page_id=30"},"modified":"2026-04-14T08:55:33","modified_gmt":"2026-04-14T08:55:33","slug":"blog","status":"publish","type":"page","link":"https:\/\/aether.sitedrafted.com\/en\/blog\/","title":{"rendered":"Blog"},"content":{"rendered":"<div data-elementor-type=\"wp-page\" data-elementor-id=\"30\" class=\"elementor elementor-30\" data-elementor-post-type=\"page\">\n\t\t\t\t<div class=\"elementor-element elementor-element-75360d3 e-flex e-con-boxed e-con e-parent\" data-id=\"75360d3\" data-element_type=\"container\" data-e-type=\"container\" data-settings=\"{&quot;background_background&quot;:&quot;classic&quot;}\">\n\t\t\t\t\t<div class=\"e-con-inner\">\n\t\t\t\t<div class=\"elementor-element elementor-element-28fa648 elementor-widget__width-initial elementor-widget-tablet__width-inherit elementor-invisible elementor-widget elementor-widget-heading\" data-id=\"28fa648\" data-element_type=\"widget\" data-e-type=\"widget\" data-settings=\"{&quot;_animation&quot;:&quot;fadeInDown&quot;}\" data-widget_type=\"heading.default\">\n\t\t\t\t\t<h1 class=\"elementor-heading-title elementor-size-default\">Blog<\/h1>\t\t\t\t<\/div>\n\t\t\t\t\t<\/div>\n\t\t\t\t<\/div>\n\t\t<div class=\"elementor-element elementor-element-0a00c19 e-flex e-con-boxed e-con e-parent\" data-id=\"0a00c19\" data-element_type=\"container\" data-e-type=\"container\">\n\t\t\t\t\t<div class=\"e-con-inner\">\n\t\t\t\t<div class=\"elementor-element elementor-element-6d87efa elementor-grid-4 elementor-grid-tablet-2 elementor-grid-mobile-1 elementor-posts--thumbnail-top elementor-card-shadow-yes elementor-posts__hover-gradient elementor-widget elementor-widget-posts\" data-id=\"6d87efa\" data-element_type=\"widget\" data-e-type=\"widget\" data-settings=\"{&quot;cards_columns&quot;:&quot;4&quot;,&quot;cards_columns_tablet&quot;:&quot;2&quot;,&quot;cards_columns_mobile&quot;:&quot;1&quot;,&quot;cards_row_gap&quot;:{&quot;unit&quot;:&quot;px&quot;,&quot;size&quot;:35,&quot;sizes&quot;:[]},&quot;cards_row_gap_tablet&quot;:{&quot;unit&quot;:&quot;px&quot;,&quot;size&quot;:&quot;&quot;,&quot;sizes&quot;:[]},&quot;cards_row_gap_mobile&quot;:{&quot;unit&quot;:&quot;px&quot;,&quot;size&quot;:&quot;&quot;,&quot;sizes&quot;:[]}}\" data-widget_type=\"posts.cards\">\n\t\t\t\t<div class=\"elementor-widget-container\">\n\t\t\t\t\t\t\t<div class=\"elementor-posts-container elementor-posts elementor-posts--skin-cards elementor-grid\" role=\"list\">\n\t\t\t\t<article class=\"elementor-post elementor-grid-item post-273 post type-post status-publish format-standard has-post-thumbnail hentry category-dummy\" role=\"listitem\">\n\t\t\t<div class=\"elementor-post__card\">\n\t\t\t\t<a class=\"elementor-post__thumbnail__link\" href=\"https:\/\/aether.sitedrafted.com\/en\/a-la-decouverte-de-nos-vins-lheritage-du-chateau-de-montolivet\/\" tabindex=\"-1\" ><div class=\"elementor-post__thumbnail\"><img fetchpriority=\"high\" decoding=\"async\" width=\"300\" height=\"199\" src=\"https:\/\/aether.sitedrafted.com\/wp-content\/uploads\/2026\/03\/Hero-Section-300x199.webp\" class=\"attachment-medium size-medium wp-image-269\" alt=\"\" srcset=\"https:\/\/aether.sitedrafted.com\/wp-content\/uploads\/2026\/03\/Hero-Section-300x199.webp 300w, https:\/\/aether.sitedrafted.com\/wp-content\/uploads\/2026\/03\/Hero-Section-1024x678.webp 1024w, https:\/\/aether.sitedrafted.com\/wp-content\/uploads\/2026\/03\/Hero-Section-768x509.webp 768w, https:\/\/aether.sitedrafted.com\/wp-content\/uploads\/2026\/03\/Hero-Section-1536x1017.webp 1536w, https:\/\/aether.sitedrafted.com\/wp-content\/uploads\/2026\/03\/Hero-Section-2048x1356.webp 2048w\" sizes=\"(max-width: 300px) 100vw, 300px\" \/><\/div><\/a>\n\t\t\t\t<div class=\"elementor-post__badge\">Dummy<\/div>\n\t\t\t\t<div class=\"elementor-post__text\">\n\t\t\t\t<h3 class=\"elementor-post__title\">\n\t\t\t<a href=\"https:\/\/aether.sitedrafted.com\/en\/a-la-decouverte-de-nos-vins-lheritage-du-chateau-de-montolivet\/\" >\n\t\t\t\t\u00c0 la D\u00e9couverte de Nos Vins : L&rsquo;H\u00e9ritage du Ch\u00e2teau de Montolivet\t\t\t<\/a>\n\t\t<\/h3>\n\t\t\n\t\t<a class=\"elementor-post__read-more\" href=\"https:\/\/aether.sitedrafted.com\/en\/a-la-decouverte-de-nos-vins-lheritage-du-chateau-de-montolivet\/\" aria-label=\"Read more about \u00c0 la D\u00e9couverte de Nos Vins : L&rsquo;H\u00e9ritage du Ch\u00e2teau de Montolivet\" tabindex=\"-1\" >\n\t\t\tLire la suite \u00bb\t\t<\/a>\n\n\t\t\t\t<\/div>\n\t\t\t\t\t<\/div>\n\t\t<\/article>\n\t\t\t\t<\/div>\n\t\t\n\t\t\t\t\t\t<\/div>\n\t\t\t\t<\/div>\n\t\t\t\t\t<\/div>\n\t\t\t\t<\/div>\n\t\t\t\t<\/div>","protected":false},"excerpt":{"rendered":"<p>Blog<\/p>","protected":false},"author":1,"featured_media":0,"parent":0,"menu_order":0,"comment_status":"closed","ping_status":"closed","template":"","meta":{"footnotes":""},"class_list":["post-30","page","type-page","status-publish","hentry"],"_links":{"self":[{"href":"https:\/\/aether.sitedrafted.com\/en\/wp-json\/wp\/v2\/pages\/30","targetHints":{"allow":["GET"]}}],"collection":[{"href":"https:\/\/aether.sitedrafted.com\/en\/wp-json\/wp\/v2\/pages"}],"about":[{"href":"https:\/\/aether.sitedrafted.com\/en\/wp-json\/wp\/v2\/types\/page"}],"author":[{"embeddable":true,"href":"https:\/\/aether.sitedrafted.com\/en\/wp-json\/wp\/v2\/users\/1"}],"replies":[{"embeddable":true,"href":"https:\/\/aether.sitedrafted.com\/en\/wp-json\/wp\/v2\/comments?post=30"}],"version-history":[{"count":13,"href":"https:\/\/aether.sitedrafted.com\/en\/wp-json\/wp\/v2\/pages\/30\/revisions"}],"predecessor-version":[{"id":1156,"href":"https:\/\/aether.sitedrafted.com\/en\/wp-json\/wp\/v2\/pages\/30\/revisions\/1156"}],"wp:attachment":[{"href":"https:\/\/aether.sitedrafted.com\/en\/wp-json\/wp\/v2\/media?parent=30"}],"curies":[{"name":"wp","href":"https:\/\/api.w.org\/{rel}","templated":true}]}}