{"id":536,"date":"2026-03-15T22:37:32","date_gmt":"2026-03-15T22:37:32","guid":{"rendered":"https:\/\/aether.sitedrafted.com\/?page_id=536"},"modified":"2026-03-15T22:39:31","modified_gmt":"2026-03-15T22:39:31","slug":"mentions-legales","status":"publish","type":"page","link":"https:\/\/aether.sitedrafted.com\/en\/mentions-legales\/","title":{"rendered":"Mentions l\u00e9gales"},"content":{"rendered":"<div data-elementor-type=\"wp-page\" data-elementor-id=\"536\" class=\"elementor elementor-536\" data-elementor-post-type=\"page\">\n\t\t\t\t<div class=\"elementor-element elementor-element-574229cd e-flex e-con-boxed e-con e-parent\" data-id=\"574229cd\" data-element_type=\"container\" data-e-type=\"container\">\n\t\t\t\t\t<div class=\"e-con-inner\">\n\t\t\t\t<div class=\"elementor-element elementor-element-51691e83 elementor-widget elementor-widget-text-editor\" data-id=\"51691e83\" data-element_type=\"widget\" data-e-type=\"widget\" data-widget_type=\"text-editor.default\">\n\t\t\t\t\t\t\t\t\t\n<p>SAS au capital de 5 000,00 \u20ac<\/p>\n\n\n\n<p>H\u00e9bergement : OVH 2 rue Kellermann \u2013 59100 Roubaix \u2013 France<\/p>\n\n\n\n<p>Code APE Autres activit\u00e9s r\u00e9cr\u00e9atives et de loisirs (9329Z)<\/p>\n\n\n\n<p>N\u00b0 TVA : FR60831819636<\/p>\n\n\n\n<p>Si\u00e8ge social : 687 RTE DU CHATEAU 38510 ARANDON-PASSINS<\/p>\n\n\n\n<p>Directeur de la publication : DIDER MENARD<\/p>\n\n\n\n<p>SOCIETE D\u2019EXPLOITATION DU CHATEAU DE MONTOLIVET, soci\u00e9t\u00e9 immatricul\u00e9e au RCS de Vienne sous le num\u00e9ro 83181963<\/p>\n\n\n\n<p>Conditions d\u2019utilisation du site Internet https:\/\/chateaudemontolivet.com<\/p>\n\n\n\n<p>Le site et chacun des \u00e9l\u00e9ments, y compris mais sans limitation les marques, les logos, ic\u00f4nes, infographies, photographies, qui le composent sont prot\u00e9g\u00e9s au titre de la l\u00e9gislation internationale de la propri\u00e9t\u00e9 intellectuelle. Les contenus figurant sur le site sont la propri\u00e9t\u00e9 de CHATEAU DE MONTOLIVET. Toute utilisation, reproduction ou repr\u00e9sentation, par quelque proc\u00e9d\u00e9 que ce soit, et sur quelque support que ce soit, de tout ou partie du site et\/ou des \u00e9l\u00e9ments qui le composent n\u2019est pas autoris\u00e9e sans le consentement expresse de CHATEAU DE MONTOLIVET.<\/p>\n\n\n\n<p>Donn\u00e9es personnelles<\/p>\n\n\n\n<p>D\u2019une fa\u00e7on g\u00e9n\u00e9rale, vous pouvez visiter notre site sur Internet sans avoir \u00e0 d\u00e9cliner votre identit\u00e9 et \u00e0 fournir des informations personnelles vous concernant. Cependant, nous pouvons parfois vous demander des informations. Par exemple, pour traiter une commande, \u00e9tablir une correspondance, ou soumettre une candidature \u00e0 un poste. Nous pouvons compl\u00e9ter ces informations pour conclure une transaction ou offrir un meilleur service.<\/p>\n\t\t\t\t\t\t\t\t<\/div>\n\t\t\t\t\t<\/div>\n\t\t\t\t<\/div>\n\t\t\t\t<\/div>","protected":false},"excerpt":{"rendered":"<p>SAS au capital de 5 000,00 \u20ac H\u00e9bergement : OVH 2 rue Kellermann \u2013 59100 Roubaix \u2013 France Code APE Autres activit\u00e9s r\u00e9cr\u00e9atives et de loisirs (9329Z) N\u00b0 TVA : FR60831819636 Si\u00e8ge social : 687 RTE DU CHATEAU 38510 ARANDON-PASSINS Directeur de la publication : DIDER MENARD SOCIETE D\u2019EXPLOITATION DU CHATEAU DE MONTOLIVET, soci\u00e9t\u00e9 immatricul\u00e9e [&hellip;]<\/p>\n","protected":false},"author":1,"featured_media":0,"parent":0,"menu_order":0,"comment_status":"closed","ping_status":"closed","template":"","meta":{"footnotes":""},"class_list":["post-536","page","type-page","status-publish","hentry"],"_links":{"self":[{"href":"https:\/\/aether.sitedrafted.com\/en\/wp-json\/wp\/v2\/pages\/536","targetHints":{"allow":["GET"]}}],"collection":[{"href":"https:\/\/aether.sitedrafted.com\/en\/wp-json\/wp\/v2\/pages"}],"about":[{"href":"https:\/\/aether.sitedrafted.com\/en\/wp-json\/wp\/v2\/types\/page"}],"author":[{"embeddable":true,"href":"https:\/\/aether.sitedrafted.com\/en\/wp-json\/wp\/v2\/users\/1"}],"replies":[{"embeddable":true,"href":"https:\/\/aether.sitedrafted.com\/en\/wp-json\/wp\/v2\/comments?post=536"}],"version-history":[{"count":5,"href":"https:\/\/aether.sitedrafted.com\/en\/wp-json\/wp\/v2\/pages\/536\/revisions"}],"predecessor-version":[{"id":542,"href":"https:\/\/aether.sitedrafted.com\/en\/wp-json\/wp\/v2\/pages\/536\/revisions\/542"}],"wp:attachment":[{"href":"https:\/\/aether.sitedrafted.com\/en\/wp-json\/wp\/v2\/media?parent=536"}],"curies":[{"name":"wp","href":"https:\/\/api.w.org\/{rel}","templated":true}]}}